{"id":41,"date":"2025-11-27T18:20:06","date_gmt":"2025-11-27T18:20:06","guid":{"rendered":"https:\/\/priscilatarle.com\/?page_id=41"},"modified":"2025-11-28T00:30:29","modified_gmt":"2025-11-28T00:30:29","slug":"sobre-a-leitora","status":"publish","type":"page","link":"https:\/\/priscilatarle.com\/index.php\/sobre-a-leitora\/","title":{"rendered":"Sobre a Leitora"},"content":{"rendered":"\n<div class=\"wp-block-columns is-layout-flex wp-container-core-columns-is-layout-28f84493 wp-block-columns-is-layout-flex\">\n<div class=\"wp-block-column is-layout-flow wp-block-column-is-layout-flow\" style=\"flex-basis:40%\">\n<figure class=\"wp-block-image size-full\"><img loading=\"lazy\" decoding=\"async\" width=\"1080\" height=\"1440\" src=\"https:\/\/priscilatarle.com\/wp-content\/uploads\/2025\/11\/559562062_18529297060016855_4883713591097914196_n.jpg\" alt=\"\" class=\"wp-image-42\"\/><\/figure>\n<\/div>\n\n\n\n<div class=\"wp-block-column is-layout-flow wp-block-column-is-layout-flow\" style=\"flex-basis:60%\">\n<p class=\"has-small-font-size\" style=\"padding-top:var(--wp--preset--spacing--40);padding-right:var(--wp--preset--spacing--50);padding-bottom:0;padding-left:var(--wp--preset--spacing--50)\">Meu nome \u00e9 Priscila e tenho 30 e poucos anos. Meu interesse por literatura come\u00e7ou no in\u00edcio dos anos 2000, lendo a s\u00e9rie &#8220;Escola do Terror&#8221; (ir\u00f4nico, j\u00e1 que hoje em dia eu mal leio terror). Como boa cria dos anos 90, sempre fui apaixonada por blogs e por jogar meus pensamentos no v\u00e1cuo cibern\u00e9tico, mas nunca mantive um consistentemente.<\/p>\n\n\n\n<p class=\"has-small-font-size\" style=\"padding-top:0;padding-right:var(--wp--preset--spacing--50);padding-bottom:0;padding-left:var(--wp--preset--spacing--50)\">N\u00e3o garanto que esse site v\u00e1 ser atualizado com frequ\u00eancia, mas senti a necessidade de externalizar meus pensamentos sobre o que tenho lido. Apesar de adorar o fluxo constante de dopamina que o TikTok me providencia, acredito que sou melhor escritora do que vide\u00f3grafa, ent\u00e3o c\u00e1 estamos, revivendo um h\u00e1bito da adolesc\u00eancia.<\/p>\n\n\n\n<p class=\"has-small-font-size\" style=\"padding-top:0;padding-right:var(--wp--preset--spacing--50);padding-bottom:var(--wp--preset--spacing--40);padding-left:var(--wp--preset--spacing--50)\">A t\u00edtulo de apresenta\u00e7\u00e3o, meus g\u00eaneros favoritos tendem a rondar o romance, a fantasia e a fic\u00e7\u00e3o cient\u00edfica, mas eu gosto de me aventurar al\u00e9m destes, principalmente para completar desafios do GoodReads. Al\u00e9m de ler, por\u00e9m, tamb\u00e9m sou aficcionada por filmes, s\u00e9ries e criar playlists extremamente espec\u00edficas. <\/p>\n<\/div>\n<\/div>\n\n\n\n<div class=\"wp-block-columns has-background is-layout-flex wp-container-core-columns-is-layout-28f84493 wp-block-columns-is-layout-flex\" style=\"background-color:#d7d3da\">\n<div class=\"wp-block-column is-layout-flow wp-block-column-is-layout-flow\">\n<div class=\"wp-block-columns is-layout-flex wp-container-core-columns-is-layout-28f84493 wp-block-columns-is-layout-flex\">\n<div class=\"wp-block-column is-layout-flow wp-block-column-is-layout-flow\" style=\"flex-basis:60%\">\n<h2 class=\"wp-block-heading\" style=\"margin-bottom:13px\">Pequenos Fatos e Curiosidades<\/h2>\n\n\n\n<div class=\"wp-block-columns is-layout-flex wp-container-core-columns-is-layout-42f22c23 wp-block-columns-is-layout-flex\" style=\"margin-top:5px;margin-bottom:5px;padding-top:0px;padding-right:var(--wp--preset--spacing--20);padding-bottom:0px;padding-left:var(--wp--preset--spacing--20)\">\n<div class=\"wp-block-column is-layout-flow wp-block-column-is-layout-flow\">\n<h4 class=\"wp-block-heading\" style=\"margin-top:5px;margin-bottom:4px\">Signo<\/h4>\n\n\n\n<p class=\"has-small-font-size\" style=\"margin-top:-6px\">\u2609 peixes, \u263e capric\u00f3rnio, \u2191 c\u00e2ncer<\/p>\n\n\n\n<h4 class=\"wp-block-heading\" style=\"margin-top:14px;margin-bottom:4px\">Meu Lugar Feliz<\/h4>\n\n\n\n<p class=\"has-small-font-size\" style=\"margin-top:-6px\">No sof\u00e1 de casa, com um livro na m\u00e3o<\/p>\n\n\n\n<h4 class=\"wp-block-heading\" style=\"margin-top:14px;margin-bottom:4px\">Autores Favoritos<\/h4>\n\n\n\n<p class=\"has-small-font-size\" style=\"margin-top:-6px\">Catherynne Valente, Emily Henry, R.F. Kuang, Naomi Novik, Martha Wells<\/p>\n\n\n\n<h4 class=\"wp-block-heading\" style=\"margin-top:14px;margin-bottom:4px\">Talentos (n\u00e3o t\u00e3o) Secretos<\/h4>\n\n\n\n<p class=\"has-small-font-size\" style=\"margin-top:-6px\">Canto, dan\u00e7o e atuo, e de vez em quando fa\u00e7o todos os 3 juntos.<\/p>\n<\/div>\n\n\n\n<div class=\"wp-block-column is-layout-flow wp-block-column-is-layout-flow\">\n<h4 class=\"wp-block-heading\" style=\"margin-top:5px;margin-bottom:4px\">S\u00e9ries Para Rever 15 Vezes<\/h4>\n\n\n\n<p class=\"has-small-font-size\" style=\"margin-top:-6px\">Modern Family, Mozart in the Jungle, Brooklyn 99, The Librarians<\/p>\n\n\n\n<h4 class=\"wp-block-heading\" style=\"margin-top:14px;margin-bottom:4px\">Filmes Favoritos<\/h4>\n\n\n\n<p class=\"has-small-font-size\" style=\"margin-top:-6px\">O Castelo Animado, Mamma Mia!, Orgulho e Preconceito (2005), Stardust<\/p>\n\n\n\n<h4 class=\"wp-block-heading\" style=\"margin-top:14px;margin-bottom:4px\">Ouvindo<\/h4>\n\n\n\n<p class=\"has-small-font-size\" style=\"margin-top:-6px\">BTS, Stray Kids, Laufey, Chappell Roan, Ren\u00e9e Rapp, Twice, Ateez, Monsta X, Seventeen, Shinee, McFLY e uma mistura ecl\u00e9tica de m\u00fasica emo dos anos 2000 e pop.<\/p>\n<\/div>\n<\/div>\n<\/div>\n\n\n\n<div class=\"wp-block-column is-layout-flow wp-block-column-is-layout-flow\" style=\"flex-basis:40%\">\n<figure class=\"wp-block-image size-full is-resized\" style=\"margin-left:var(--wp--preset--spacing--60)\"><img loading=\"lazy\" decoding=\"async\" width=\"1000\" height=\"1500\" src=\"https:\/\/priscilatarle.com\/wp-content\/uploads\/2025\/11\/pexels-guiirossi-2553427.jpg\" alt=\"\" class=\"wp-image-65\" style=\"width:337px;height:auto\"\/><\/figure>\n<\/div>\n<\/div>\n<\/div>\n<\/div>\n","protected":false},"excerpt":{"rendered":"<p>Meu nome \u00e9 Priscila e tenho 30 e poucos anos. Meu interesse por literatura come\u00e7ou no in\u00edcio dos anos 2000, lendo a s\u00e9rie &#8220;Escola do Terror&#8221; (ir\u00f4nico, j\u00e1 que hoje em dia eu mal leio terror). Como boa cria dos anos 90, sempre fui apaixonada por blogs e por jogar meus pensamentos no v\u00e1cuo cibern\u00e9tico, [&hellip;]<\/p>\n","protected":false},"author":1,"featured_media":0,"parent":0,"menu_order":0,"comment_status":"closed","ping_status":"closed","template":"","meta":{"footnotes":""},"class_list":["post-41","page","type-page","status-publish","hentry"],"_links":{"self":[{"href":"https:\/\/priscilatarle.com\/index.php\/wp-json\/wp\/v2\/pages\/41","targetHints":{"allow":["GET"]}}],"collection":[{"href":"https:\/\/priscilatarle.com\/index.php\/wp-json\/wp\/v2\/pages"}],"about":[{"href":"https:\/\/priscilatarle.com\/index.php\/wp-json\/wp\/v2\/types\/page"}],"author":[{"embeddable":true,"href":"https:\/\/priscilatarle.com\/index.php\/wp-json\/wp\/v2\/users\/1"}],"replies":[{"embeddable":true,"href":"https:\/\/priscilatarle.com\/index.php\/wp-json\/wp\/v2\/comments?post=41"}],"version-history":[{"count":3,"href":"https:\/\/priscilatarle.com\/index.php\/wp-json\/wp\/v2\/pages\/41\/revisions"}],"predecessor-version":[{"id":66,"href":"https:\/\/priscilatarle.com\/index.php\/wp-json\/wp\/v2\/pages\/41\/revisions\/66"}],"wp:attachment":[{"href":"https:\/\/priscilatarle.com\/index.php\/wp-json\/wp\/v2\/media?parent=41"}],"curies":[{"name":"wp","href":"https:\/\/api.w.org\/{rel}","templated":true}]}}